{"id":38,"date":"2024-11-02T00:29:12","date_gmt":"2024-11-02T00:29:12","guid":{"rendered":"https:\/\/accidentesoaxaca.com\/home\/"},"modified":"2024-11-04T22:31:36","modified_gmt":"2024-11-04T22:31:36","slug":"home","status":"publish","type":"page","link":"https:\/\/accidentesoaxaca.com\/","title":{"rendered":""},"content":{"rendered":"\n<div class=\"wp-block-uagb-container uagb-block-ec6fda5a alignfull uagb-is-root-container\"><div class=\"uagb-container-inner-blocks-wrap\">\n<div class=\"wp-block-uagb-container uagb-layout-grid uagb-block-d33271b6\">\n<div class=\"wp-block-uagb-advanced-heading uagb-block-c0e8abc7\"><p class=\"uagb-desc-text\">Informate sobre<\/p><h1 class=\"uagb-heading-text\">Noticias de accidentes en Oaxaca<\/h1><\/div>\n\n\n\n<div class=\"wp-block-uagb-info-box uagb-block-9b51e69b uagb-infobox__content-wrap  uagb-infobox-icon-above-title uagb-infobox-image-valign-top\"><div class=\"uagb-ifb-content\"><div class=\"uagb-ifb-title-wrap\"><\/div><p class=\"uagb-ifb-desc\">Descubre las causas y consecuencias de los accidentes en Oaxaca, y nuestra misi\u00f3n por la justicia de las v\u00edctimas.<\/p><div class=\"uagb-ifb-button-wrapper wp-block-button\"><a href=\"contact\/\" class=\"uagb-infobox-cta-link wp-block-button__link\" target=\"_self\" rel=\"noopener noreferrer\" onclick=\"return true;\"><span class=\"uagb-inline-editing\">Inf\u00f3rmate aqu\u00ed<\/span><\/a><\/div><\/div><\/div>\n<\/div>\n<\/div><\/div>\n\n\n\n<div class=\"wp-block-uagb-container uag-hide-mob uagb-layout-grid uagb-block-4d6f7bc6 alignfull uagb-is-root-container\"><div class=\"uagb-container-inner-blocks-wrap\">\n<div class=\"wp-block-uagb-info-box uagb-block-78244565 uagb-infobox__content-wrap  uagb-infobox-icon-above-title uagb-infobox-image-valign-top\"><div class=\"uagb-ifb-content\"><div class=\"uagb-ifb-title-wrap\"><p class=\"uagb-ifb-title-prefix\">nosotros<\/p><h2 class=\"uagb-ifb-title\">Comprometidos en informar sobre accidentes en Oaxaca<\/h2><\/div><p class=\"uagb-ifb-desc\">En Accidentes Oaxaca, creemos que la informaci\u00f3n es poder. Buscamos evidenciar la impunidad, la negligencia, las injusticias, y dem\u00e1s arbitrariedades que las autoridades, empresas y organizaciones sin escr\u00fapulos realizan a nuestros ciudadanos.<\/p><div class=\"uagb-ifb-button-wrapper wp-block-button\"><a href=\"about\/\" class=\"uagb-infobox-cta-link wp-block-button__link\" target=\"_self\" rel=\"noopener noreferrer\" onclick=\"return true;\"><span class=\"uagb-inline-editing\">Leer M\u00e1s<\/span><\/a><\/div><\/div><\/div>\n\n\n\n<div class=\"wp-block-uagb-container uagb-block-cd15dd85\">\n<div class=\"wp-block-uagb-image uagb-block-fff4a0c3 wp-block-uagb-image--layout-default wp-block-uagb-image--effect-static wp-block-uagb-image--align-none\"><figure class=\"wp-block-uagb-image__figure\"><img decoding=\"async\" srcset=\"https:\/\/accidentesoaxaca.com\/wp-content\/uploads\/2024\/11\/LINEAS-UNIDAS-SUBURBAN-2-1024x768.jpg ,https:\/\/accidentesoaxaca.com\/wp-content\/uploads\/2024\/11\/LINEAS-UNIDAS-SUBURBAN-2.jpg 780w, https:\/\/accidentesoaxaca.com\/wp-content\/uploads\/2024\/11\/LINEAS-UNIDAS-SUBURBAN-2.jpg 360w\" sizes=\"(max-width: 480px) 150px\" src=\"https:\/\/accidentesoaxaca.com\/wp-content\/uploads\/2024\/11\/LINEAS-UNIDAS-SUBURBAN-2-1024x768.jpg\" alt=\"\" class=\"uag-image-1631\" width=\"1280\" height=\"960\" title=\"LINEAS UNIDAS SUBURBAN\" loading=\"lazy\" role=\"img\"\/><\/figure><\/div>\n<\/div>\n<\/div><\/div>\n\n\n\n<div class=\"wp-block-uagb-container uagb-block-5f7194d1 default uagb-is-root-container\">\n<hr class=\"wp-block-separator has-alpha-channel-opacity\"\/>\n<\/div>\n\n\n\n<div class=\"wp-block-uagb-container uagb-block-993009f3 alignfull uagb-is-root-container\"><div class=\"uagb-container-inner-blocks-wrap\">\n<div class=\"wp-block-uagb-advanced-heading uagb-block-7c14c5fd\"><p class=\"uagb-desc-text\">INFORMACI\u00d3N<\/p><h2 class=\"uagb-heading-text\">LO M\u00c1S RELEVANTE EN OAXACA<\/h2><\/div>\n\n\n\n<div class=\"wp-block-uagb-container uagb-block-f83212c5\">\n<div class=\"wp-block-uagb-container uagb-block-0c3b5949\">\n<div class=\"wp-block-uagb-info-box uagb-block-42949637 uagb-infobox__content-wrap  uagb-infobox-icon-above-title uagb-infobox-image-valign-top\"><div class=\"uagb-ifb-content\"><div class=\"uagb-ifb-title-wrap\"><span class=\"uagb-ifb-title-prefix\">01.<\/span><h3 class=\"uagb-ifb-title\">Reportes de Accidentes<\/h3><\/div><div class=\"uagb-ifb-button-wrapper wp-block-button\"><a href=\"services\/\" target=\"_self\" onclick=\"return true;\" class=\"uagb-infobox-cta-link\" rel=\"noopener noreferrer\"><span class=\"uagb-inline-editing\">Leer M\u00e1s<\/span><\/a><\/div><\/div><\/div>\n<\/div>\n\n\n\n<div class=\"wp-block-uagb-container uagb-block-0bef2310\">\n<div class=\"wp-block-uagb-info-box uagb-block-e52c0008 uagb-infobox__content-wrap  uagb-infobox-icon-above-title uagb-infobox-image-valign-top\"><div class=\"uagb-ifb-content\"><div class=\"uagb-ifb-title-wrap\"><p class=\"uagb-ifb-title-prefix\">02.<\/p><h3 class=\"uagb-ifb-title\">Denuncias a Sitio X por negligencia<\/h3><\/div><div class=\"uagb-ifb-button-wrapper wp-block-button\"><a href=\"services\/\" target=\"_self\" onclick=\"return true;\" class=\"uagb-infobox-cta-link\" rel=\"noopener noreferrer\"><span class=\"uagb-inline-editing\">Leer M\u00e1s<\/span><\/a><\/div><\/div><\/div>\n<\/div>\n\n\n\n<div class=\"wp-block-uagb-container uagb-block-a106d4c0\">\n<div class=\"wp-block-uagb-info-box uagb-block-288f1627 uagb-infobox__content-wrap  uagb-infobox-icon-above-title uagb-infobox-image-valign-top\"><div class=\"uagb-ifb-content\"><div class=\"uagb-ifb-title-wrap\"><p class=\"uagb-ifb-title-prefix\">03.<\/p><h3 class=\"uagb-ifb-title\">Desaparecidos por siniestro en&nbsp;X<\/h3><\/div><div class=\"uagb-ifb-button-wrapper wp-block-button\"><a href=\"services\/\" target=\"_self\" onclick=\"return true;\" class=\"uagb-infobox-cta-link\" rel=\"noopener noreferrer\"><span class=\"uagb-inline-editing\">Leer M\u00e1s<\/span><\/a><\/div><\/div><\/div>\n<\/div>\n<\/div>\n<\/div><\/div>\n\n\n\n<div class=\"wp-block-uagb-container uagb-block-b92ac49d alignfull uagb-is-root-container\"><div class=\"uagb-container-inner-blocks-wrap\">\n<div class=\"wp-block-uagb-container uagb-block-cca6205c\">\n<div class=\"wp-block-uagb-counter uagb-block-a7654af6 wp-block-uagb-counter--number\"><div class=\"wp-block-uagb-counter__number\"><span class=\"uagb-counter-block-number\" data-duration=\"1.5\" data-to-value=\"20\" data-from-value=\"0\" data-delimiter=\",\"><\/span><span class=\"uagb-counter-block-suffix\">+<\/span><\/div><div class=\"wp-block-uagb-counter__title\">Accidentes diarios<\/div><\/div>\n<\/div>\n\n\n\n<div class=\"wp-block-uagb-container uagb-block-a1881290\">\n<div class=\"wp-block-uagb-counter uagb-block-38e547d2 wp-block-uagb-counter--number\"><div class=\"wp-block-uagb-counter__number\"><span class=\"uagb-counter-block-number\" data-duration=\"1.5\" data-to-value=\"350\" data-from-value=\"0\" data-delimiter=\",\"><\/span><span class=\"uagb-counter-block-suffix\">+<\/span><\/div><div class=\"wp-block-uagb-counter__title\">Casos abiertos<\/div><\/div>\n<\/div>\n\n\n\n<div class=\"wp-block-uagb-container uagb-block-3eb58cea\">\n<div class=\"wp-block-uagb-counter uagb-block-eb510c9f wp-block-uagb-counter--number\"><div class=\"wp-block-uagb-counter__number\"><span class=\"uagb-counter-block-number\" data-duration=\"1.5\" data-to-value=\"92\" data-from-value=\"0\" data-delimiter=\",\"><\/span><span class=\"uagb-counter-block-suffix\">%<\/span><\/div><div class=\"wp-block-uagb-counter__title\">Accidentes en transporte p\u00fablico<\/div><\/div>\n<\/div>\n<\/div><\/div>\n\n\n\n<div class=\"wp-block-uagb-container uagb-layout-grid uagb-block-068b9983 alignfull uagb-is-root-container\"><div class=\"uagb-container-inner-blocks-wrap\">\n<div class=\"wp-block-uagb-advanced-heading uagb-block-baf35d20\"><h2 class=\"uagb-heading-text\">Tu voz importa, hazte escuchar.<\/h2><p class=\"uagb-desc-text\">\u00danete a nuestra lucha en pro de la justicia para las v\u00edctimas de accidentes. Juntos podemos hacer la diferencia en Oaxaca.<\/p><\/div>\n\n\n\n<div class=\"wp-block-uagb-buttons uagb-buttons__outer-wrap uagb-btn__default-btn uagb-btn-tablet__default-btn uagb-btn-mobile__default-btn uagb-block-e356fd8e\"><div class=\"uagb-buttons__wrap uagb-buttons-layout-wrap \">\n<div class=\"wp-block-uagb-buttons-child uagb-buttons__outer-wrap uagb-block-d32efc81 wp-block-button\"><div class=\"uagb-button__wrapper\"><a class=\"uagb-buttons-repeater wp-block-button__link\" aria-label=\"\" href=\"contact\/\" rel=\"follow noopener\" target=\"_self\" role=\"button\"><div class=\"uagb-button__link\">\u00daNETE AHORA<\/div><\/a><\/div><\/div>\n<\/div><\/div>\n<\/div><\/div>\n\n\n\n<div class=\"wp-block-uagb-container uagb-block-f7a2df67 alignfull uagb-is-root-container\"><div class=\"uagb-container-inner-blocks-wrap\">\n<div class=\"wp-block-uagb-container uagb-layout-grid uagb-block-56258c7a\">\n<div class=\"wp-block-uagb-container uagb-block-1909244d\"><\/div>\n\n\n\n<div class=\"wp-block-uagb-container uagb-block-d9245a27\">\n<div class=\"wp-block-uagb-info-box uagb-block-dd1ec34c uagb-infobox__content-wrap  uagb-infobox-icon-above-title uagb-infobox-image-valign-top\"><div class=\"uagb-ifb-content\"><div class=\"uagb-ifb-title-wrap\"><span class=\"uagb-ifb-title-prefix\">Nuestra propuesta<\/span><h2 class=\"uagb-ifb-title\">Transparencia y compromiso con la verdad<\/h2><\/div><p class=\"uagb-ifb-desc\">Proporcionamos informaci\u00f3n precisa y accesible sobre accidentes, para empoderar a nuestros lectores y fomentar la b\u00fasqueda de justicia.<\/p><\/div><\/div>\n<\/div>\n<\/div>\n\n\n\n<div class=\"wp-block-uagb-container uagb-layout-flex uagb-block-8dd3d1f3\">\n<div class=\"wp-block-uagb-container uagb-block-2d5ab18e\">\n<div class=\"wp-block-uagb-info-box uagb-block-635b8ae5 uagb-infobox__content-wrap  uagb-infobox-icon-above-title uagb-infobox-image-valign-top\"><div class=\"uagb-ifb-content\"><div class=\"uagb-ifb-title-wrap\"><span class=\"uagb-ifb-title-prefix\">01.<\/span><h3 class=\"uagb-ifb-title\">Informaci\u00f3n precisa<\/h3><\/div><p class=\"uagb-ifb-desc\">Brindamos reportajes detallados y actualizados sobre accidentes, garantizando que la comunidad est\u00e9 al tanto de lo que sucede en Oaxaca.<\/p><\/div><\/div>\n<\/div>\n\n\n\n<div class=\"wp-block-uagb-container uagb-block-b31d9d12\">\n<div class=\"wp-block-uagb-info-box uagb-block-1f4e9f0e uagb-infobox__content-wrap  uagb-infobox-icon-above-title uagb-infobox-image-valign-top\"><div class=\"uagb-ifb-content\"><div class=\"uagb-ifb-title-wrap\"><span class=\"uagb-ifb-title-prefix\">02.<\/span><h3 class=\"uagb-ifb-title\">Acci\u00f3n comunitaria<\/h3><\/div><p class=\"uagb-ifb-desc\">Fomentamos la participaci\u00f3n activa de los ciudadanos para exigir a las autoridades justicia y mejorar la seguridad en el transporte p\u00fablico.<\/p><\/div><\/div>\n<\/div>\n\n\n\n<div class=\"wp-block-uagb-container uagb-block-a4c1fab7\">\n<div class=\"wp-block-uagb-info-box uagb-block-92de65cc uagb-infobox__content-wrap  uagb-infobox-icon-above-title uagb-infobox-image-valign-top\"><div class=\"uagb-ifb-content\"><div class=\"uagb-ifb-title-wrap\"><span class=\"uagb-ifb-title-prefix\">03.<\/span><h3 class=\"uagb-ifb-title\">Transparencia<\/h3><\/div><p class=\"uagb-ifb-desc\">Trabajamos para visibilizar las injusticias y la impunidad que enfrentan las v\u00edctimas, proporcionando apoyo en su b\u00fasqueda de justicia.<\/p><\/div><\/div>\n<\/div>\n<\/div>\n<\/div><\/div>\n\n\n\n<div class=\"wp-block-uagb-container uagb-block-43773c69 alignfull uagb-is-root-container\"><div class=\"uagb-container-inner-blocks-wrap\">\n<div class=\"wp-block-uagb-info-box uagb-block-7949243f uagb-infobox__content-wrap  uagb-infobox-icon-above-title uagb-infobox-image-valign-top\"><div class=\"uagb-ifb-content\"><div class=\"uagb-ifb-title-wrap\"><span class=\"uagb-ifb-title-prefix\">\u00danete a nosotros<\/span><h2 class=\"uagb-ifb-title\">\u00danete a nuestra misi\u00f3n<\/h2><\/div><p class=\"uagb-ifb-desc\">Tu participaci\u00f3n es clave para construir una comunidad m\u00e1s segura y justa. Inf\u00f3rmate y act\u00faa con nosotros hoy.<\/p><\/div><\/div>\n\n\n\n<div class=\"wp-block-uagb-container uagb-block-5161d6fe\">\n<div class=\"wp-block-uagb-container uagb-block-1e567477\">\n<div class=\"wp-block-uagb-container uagb-block-f55bcf86\">\n<div class=\"wp-block-group is-horizontal is-content-justification-left is-nowrap is-layout-flex wp-container-core-group-is-layout-1 wp-block-group-is-layout-flex\" style=\"border-style:none;border-width:0px;border-radius:0px;min-height:0px;margin-top:0;margin-bottom:0;padding-top:0;padding-right:0rem;padding-bottom:0;padding-left:0rem\">      \n\t\t\t<div class=\"uagb-icon-wrapper uagb-block-4f8dafd6      \"\n\t\t\tstyle=\"\" >\n\t\t\t\t\t\t\t\t\t<span class=\"uagb-svg-wrapper\" \n\t\t\t\t\t aria-label=\"facebook\"\t\t\t\t\ttabindex=\"0\">\t\t\n\t\t\t\t\t\t\t\t\t\t<svg xmlns=\"https:\/\/www.w3.org\/2000\/svg\" viewBox= \"0 0 512 512\" role=\"graphics-symbol\" aria-hidden=\"false\" aria-label=\"\"><path d=\"M504 256C504 119 393 8 256 8S8 119 8 256c0 123.8 90.69 226.4 209.3 245V327.7h-63V256h63v-54.64c0-62.15 37-96.48 93.67-96.48 27.14 0 55.52 4.84 55.52 4.84v61h-31.28c-30.8 0-40.41 19.12-40.41 38.73V256h68.78l-11 71.69h-57.78V501C413.3 482.4 504 379.8 504 256z\"><\/path><\/svg>\n\t\t\t\t\t\t\t\t\t<\/span>\n\t\t\t\t\t\t\t<\/div>\n\t\t\t\n\n      \n\t\t\t<div class=\"uagb-icon-wrapper uagb-block-848a54df      \"\n\t\t\tstyle=\"\" >\n\t\t\t\t\t\t\t\t\t<span class=\"uagb-svg-wrapper\" \n\t\t\t\t\t aria-label=\"x-twitter\"\t\t\t\t\ttabindex=\"0\">\t\t\n\t\t\t\t\t\t\t\t\t\t<svg xmlns=\"https:\/\/www.w3.org\/2000\/svg\" viewBox= \"0 0 512 512\" role=\"graphics-symbol\" aria-hidden=\"false\" aria-label=\"\"><path d=\"M389.2 48h70.6L305.6 224.2 487 464H345L233.7 318.6 106.5 464H35.8L200.7 275.5 26.8 48H172.4L272.9 180.9 389.2 48zM364.4 421.8h39.1L151.1 88h-42L364.4 421.8z\"><\/path><\/svg>\n\t\t\t\t\t\t\t\t\t<\/span>\n\t\t\t\t\t\t\t<\/div>\n\t\t\t\n\n      \n\t\t\t<div class=\"uagb-icon-wrapper uagb-block-75c307df      \"\n\t\t\tstyle=\"\" >\n\t\t\t\t\t\t\t\t\t<span class=\"uagb-svg-wrapper\" \n\t\t\t\t\t aria-label=\"whatsapp\"\t\t\t\t\ttabindex=\"0\">\t\t\n\t\t\t\t\t\t\t\t\t\t<svg xmlns=\"https:\/\/www.w3.org\/2000\/svg\" viewBox= \"0 0 448 512\" role=\"graphics-symbol\" aria-hidden=\"false\" aria-label=\"\"><path d=\"M380.9 97.1C339 55.1 283.2 32 223.9 32c-122.4 0-222 99.6-222 222 0 39.1 10.2 77.3 29.6 111L0 480l117.7-30.9c32.4 17.7 68.9 27 106.1 27h.1c122.3 0 224.1-99.6 224.1-222 0-59.3-25.2-115-67.1-157zm-157 341.6c-33.2 0-65.7-8.9-94-25.7l-6.7-4-69.8 18.3L72 359.2l-4.4-7c-18.5-29.4-28.2-63.3-28.2-98.2 0-101.7 82.8-184.5 184.6-184.5 49.3 0 95.6 19.2 130.4 54.1 34.8 34.9 56.2 81.2 56.1 130.5 0 101.8-84.9 184.6-186.6 184.6zm101.2-138.2c-5.5-2.8-32.8-16.2-37.9-18-5.1-1.9-8.8-2.8-12.5 2.8-3.7 5.6-14.3 18-17.6 21.8-3.2 3.7-6.5 4.2-12 1.4-32.6-16.3-54-29.1-75.5-66-5.7-9.8 5.7-9.1 16.3-30.3 1.8-3.7 .9-6.9-.5-9.7-1.4-2.8-12.5-30.1-17.1-41.2-4.5-10.8-9.1-9.3-12.5-9.5-3.2-.2-6.9-.2-10.6-.2-3.7 0-9.7 1.4-14.8 6.9-5.1 5.6-19.4 19-19.4 46.3 0 27.3 19.9 53.7 22.6 57.4 2.8 3.7 39.1 59.7 94.8 83.8 35.2 15.2 49 16.5 66.6 13.9 10.7-1.6 32.8-13.4 37.4-26.4 4.6-13 4.6-24.1 3.2-26.4-1.3-2.5-5-3.9-10.5-6.6z\"><\/path><\/svg>\n\t\t\t\t\t\t\t\t\t<\/span>\n\t\t\t\t\t\t\t<\/div>\n\t\t\t<\/div>\n<\/div>\n\n\n\n<div class=\"wp-block-uagb-container uagb-block-0c3a314f\"><\/div>\n\n\n\n<div class=\"wp-block-uagb-container uagb-block-87257e5d\"><\/div>\n<\/div>\n<\/div>\n<\/div><\/div>\n\n\n\n<div class=\"wp-block-uagb-advanced-heading uagb-block-25bb7dca\"><\/div>\n\n\n\n<div class=\"wp-block-uagb-advanced-heading uagb-block-5b3cfef6\"><\/div>\n","protected":false},"excerpt":{"rendered":"<p>Informate sobre Noticias de accidentes en Oaxaca INFORMACI\u00d3N LO M\u00c1S RELEVANTE EN OAXACA Tu voz&#8230;<\/p>\n","protected":false},"author":1,"featured_media":0,"parent":0,"menu_order":0,"comment_status":"closed","ping_status":"closed","template":"","meta":{"_uag_custom_page_level_css":"","footnotes":""},"class_list":["post-38","page","type-page","status-publish","hentry"],"yoast_head":"<!-- This site is optimized with the Yoast SEO plugin v24.0 - https:\/\/yoast.com\/wordpress\/plugins\/seo\/ -->\n<title>- Accidentes Oaxaca<\/title>\n<meta name=\"robots\" content=\"index, follow, max-snippet:-1, max-image-preview:large, max-video-preview:-1\" \/>\n<link rel=\"canonical\" href=\"https:\/\/accidentesoaxaca.com\/\" \/>\n<meta property=\"og:locale\" content=\"es_MX\" \/>\n<meta property=\"og:type\" content=\"article\" \/>\n<meta property=\"og:title\" content=\"- Accidentes Oaxaca\" \/>\n<meta property=\"og:description\" content=\"Informate sobre Noticias de accidentes en Oaxaca INFORMACI\u00d3N LO M\u00c1S RELEVANTE EN OAXACA Tu voz...\" \/>\n<meta property=\"og:url\" content=\"https:\/\/accidentesoaxaca.com\/\" \/>\n<meta property=\"og:site_name\" content=\"Accidentes Oaxaca\" \/>\n<meta property=\"article:modified_time\" content=\"2024-11-04T22:31:36+00:00\" \/>\n<meta property=\"og:image\" content=\"https:\/\/accidentesoaxaca.com\/wp-content\/uploads\/2024\/11\/LINEAS-UNIDAS-SUBURBAN-2-1024x768.jpg\" \/>\n<meta name=\"twitter:card\" content=\"summary_large_image\" \/>\n<meta name=\"twitter:label1\" content=\"Tiempo de lectura\" \/>\n\t<meta name=\"twitter:data1\" content=\"2 minutos\" \/>\n<script type=\"application\/ld+json\" class=\"yoast-schema-graph\">{\"@context\":\"https:\/\/schema.org\",\"@graph\":[{\"@type\":\"WebPage\",\"@id\":\"https:\/\/accidentesoaxaca.com\/\",\"url\":\"https:\/\/accidentesoaxaca.com\/\",\"name\":\"- Accidentes Oaxaca\",\"isPartOf\":{\"@id\":\"https:\/\/accidentesoaxaca.com\/#website\"},\"primaryImageOfPage\":{\"@id\":\"https:\/\/accidentesoaxaca.com\/#primaryimage\"},\"image\":{\"@id\":\"https:\/\/accidentesoaxaca.com\/#primaryimage\"},\"thumbnailUrl\":\"https:\/\/accidentesoaxaca.com\/wp-content\/uploads\/2024\/11\/LINEAS-UNIDAS-SUBURBAN-2-1024x768.jpg\",\"datePublished\":\"2024-11-02T00:29:12+00:00\",\"dateModified\":\"2024-11-04T22:31:36+00:00\",\"inLanguage\":\"es\",\"potentialAction\":[{\"@type\":\"ReadAction\",\"target\":[\"https:\/\/accidentesoaxaca.com\/\"]}]},{\"@type\":\"ImageObject\",\"inLanguage\":\"es\",\"@id\":\"https:\/\/accidentesoaxaca.com\/#primaryimage\",\"url\":\"https:\/\/accidentesoaxaca.com\/wp-content\/uploads\/2024\/11\/LINEAS-UNIDAS-SUBURBAN-2.jpg\",\"contentUrl\":\"https:\/\/accidentesoaxaca.com\/wp-content\/uploads\/2024\/11\/LINEAS-UNIDAS-SUBURBAN-2.jpg\",\"width\":1280,\"height\":960},{\"@type\":\"WebSite\",\"@id\":\"https:\/\/accidentesoaxaca.com\/#website\",\"url\":\"https:\/\/accidentesoaxaca.com\/\",\"name\":\"Accidentes Oaxaca\",\"description\":\"Todas las noticias e historias\",\"potentialAction\":[{\"@type\":\"SearchAction\",\"target\":{\"@type\":\"EntryPoint\",\"urlTemplate\":\"https:\/\/accidentesoaxaca.com\/?s={search_term_string}\"},\"query-input\":{\"@type\":\"PropertyValueSpecification\",\"valueRequired\":true,\"valueName\":\"search_term_string\"}}],\"inLanguage\":\"es\"}]}<\/script>\n<!-- \/ Yoast SEO plugin. -->","yoast_head_json":{"title":"- Accidentes Oaxaca","robots":{"index":"index","follow":"follow","max-snippet":"max-snippet:-1","max-image-preview":"max-image-preview:large","max-video-preview":"max-video-preview:-1"},"canonical":"https:\/\/accidentesoaxaca.com\/","og_locale":"es_MX","og_type":"article","og_title":"- Accidentes Oaxaca","og_description":"Informate sobre Noticias de accidentes en Oaxaca INFORMACI\u00d3N LO M\u00c1S RELEVANTE EN OAXACA Tu voz...","og_url":"https:\/\/accidentesoaxaca.com\/","og_site_name":"Accidentes Oaxaca","article_modified_time":"2024-11-04T22:31:36+00:00","og_image":[{"url":"https:\/\/accidentesoaxaca.com\/wp-content\/uploads\/2024\/11\/LINEAS-UNIDAS-SUBURBAN-2-1024x768.jpg","type":"","width":"","height":""}],"twitter_card":"summary_large_image","twitter_misc":{"Tiempo de lectura":"2 minutos"},"schema":{"@context":"https:\/\/schema.org","@graph":[{"@type":"WebPage","@id":"https:\/\/accidentesoaxaca.com\/","url":"https:\/\/accidentesoaxaca.com\/","name":"- Accidentes Oaxaca","isPartOf":{"@id":"https:\/\/accidentesoaxaca.com\/#website"},"primaryImageOfPage":{"@id":"https:\/\/accidentesoaxaca.com\/#primaryimage"},"image":{"@id":"https:\/\/accidentesoaxaca.com\/#primaryimage"},"thumbnailUrl":"https:\/\/accidentesoaxaca.com\/wp-content\/uploads\/2024\/11\/LINEAS-UNIDAS-SUBURBAN-2-1024x768.jpg","datePublished":"2024-11-02T00:29:12+00:00","dateModified":"2024-11-04T22:31:36+00:00","inLanguage":"es","potentialAction":[{"@type":"ReadAction","target":["https:\/\/accidentesoaxaca.com\/"]}]},{"@type":"ImageObject","inLanguage":"es","@id":"https:\/\/accidentesoaxaca.com\/#primaryimage","url":"https:\/\/accidentesoaxaca.com\/wp-content\/uploads\/2024\/11\/LINEAS-UNIDAS-SUBURBAN-2.jpg","contentUrl":"https:\/\/accidentesoaxaca.com\/wp-content\/uploads\/2024\/11\/LINEAS-UNIDAS-SUBURBAN-2.jpg","width":1280,"height":960},{"@type":"WebSite","@id":"https:\/\/accidentesoaxaca.com\/#website","url":"https:\/\/accidentesoaxaca.com\/","name":"Accidentes Oaxaca","description":"Todas las noticias e historias","potentialAction":[{"@type":"SearchAction","target":{"@type":"EntryPoint","urlTemplate":"https:\/\/accidentesoaxaca.com\/?s={search_term_string}"},"query-input":{"@type":"PropertyValueSpecification","valueRequired":true,"valueName":"search_term_string"}}],"inLanguage":"es"}]}},"uagb_featured_image_src":{"full":false,"thumbnail":false,"medium":false,"medium_large":false,"large":false,"1536x1536":false,"2048x2048":false,"newspaperup-slider-full":false,"newspaperup-featured":false,"newspaperup-medium":false},"uagb_author_info":{"display_name":false,"author_link":"https:\/\/accidentesoaxaca.com\/?author=1"},"uagb_comment_info":0,"uagb_excerpt":"Informate sobre Noticias de accidentes en Oaxaca INFORMACI\u00d3N LO M\u00c1S RELEVANTE EN OAXACA Tu voz...","_links":{"self":[{"href":"https:\/\/accidentesoaxaca.com\/index.php?rest_route=\/wp\/v2\/pages\/38"}],"collection":[{"href":"https:\/\/accidentesoaxaca.com\/index.php?rest_route=\/wp\/v2\/pages"}],"about":[{"href":"https:\/\/accidentesoaxaca.com\/index.php?rest_route=\/wp\/v2\/types\/page"}],"author":[{"embeddable":true,"href":"https:\/\/accidentesoaxaca.com\/index.php?rest_route=\/wp\/v2\/users\/1"}],"replies":[{"embeddable":true,"href":"https:\/\/accidentesoaxaca.com\/index.php?rest_route=%2Fwp%2Fv2%2Fcomments&post=38"}],"version-history":[{"count":37,"href":"https:\/\/accidentesoaxaca.com\/index.php?rest_route=\/wp\/v2\/pages\/38\/revisions"}],"predecessor-version":[{"id":1654,"href":"https:\/\/accidentesoaxaca.com\/index.php?rest_route=\/wp\/v2\/pages\/38\/revisions\/1654"}],"wp:attachment":[{"href":"https:\/\/accidentesoaxaca.com\/index.php?rest_route=%2Fwp%2Fv2%2Fmedia&parent=38"}],"curies":[{"name":"wp","href":"https:\/\/api.w.org\/{rel}","templated":true}]}}